{"id":470,"date":"2024-11-27T17:22:23","date_gmt":"2024-11-27T17:22:23","guid":{"rendered":"https:\/\/massenez.wine\/?page_id=470"},"modified":"2026-04-25T20:38:32","modified_gmt":"2026-04-25T20:38:32","slug":"carlton","status":"publish","type":"page","link":"https:\/\/massenez.wine\/pt\/carlton\/","title":{"rendered":"CARLTON"},"content":{"rendered":"<div class=\"is-style-nfd-theme-darker wp-block-group alignfull has-global-padding is-layout-constrained wp-container-core-group-is-layout-0c9c989a wp-block-group-is-layout-constrained\" style=\"min-height:0vh;margin-top:0;margin-bottom:0;padding-top:var(--wp--preset--spacing--70);padding-right:var(--wp--preset--spacing--40);padding-bottom:var(--wp--preset--spacing--70);padding-left:var(--wp--preset--spacing--40)\">\n<div class=\"wp-block-group has-global-padding is-layout-constrained wp-container-core-group-is-layout-346627ba wp-block-group-is-layout-constrained\">\n<h2 class=\"wp-block-heading has-text-align-center has-xx-large-font-size\" style=\"margin-right:0;margin-left:0;padding-right:0;padding-left:0\">CARLTON<\/h2>\n\n\n\n<p class=\"has-text-align-center\">Nosso Brut Prestige assinatura, espumante elaborado pelo m\u00e9todo franc\u00eas M\u00e9thode Traditionnelle Blanc de Blancs.<\/p>\n<\/div>\n<\/div>\n\n\n\n<div class=\"nfd-container nfd-p-lg nfd-wb-features__features-7 wp-block-group has-global-padding is-layout-constrained wp-block-group-is-layout-constrained\">\n<div class=\"nfd-text-base nfd-gap-3xl wp-block-columns are-vertically-aligned-center is-layout-flex wp-container-core-columns-is-layout-28f84493 wp-block-columns-is-layout-flex\">\n<div class=\"wp-block-column is-vertically-aligned-center is-layout-flow wp-container-core-column-is-layout-8a368f38 wp-block-column-is-layout-flow\" style=\"flex-basis:50%\">\n<figure class=\"nfd-rounded wp-block-image size-full\"><img data-recalc-dims=\"1\" loading=\"lazy\" decoding=\"async\" width=\"600\" height=\"900\" src=\"https:\/\/i0.wp.com\/massenez.wine\/wp-content\/uploads\/2024\/12\/massenez-fine-wine-carlton-brut-prestige-blanc-de-blancs-sparkling-wine.png?resize=600%2C900&#038;ssl=1\" alt=\"Carlton Brut Prestige sparkling wine bottle, Blanc de Blancs, from the Massenez Family Wine Estate.\" class=\"wp-image-596\" style=\"aspect-ratio:1;object-fit:contain\" srcset=\"https:\/\/i0.wp.com\/massenez.wine\/wp-content\/uploads\/2024\/12\/massenez-fine-wine-carlton-brut-prestige-blanc-de-blancs-sparkling-wine.png?w=600&amp;ssl=1 600w, https:\/\/i0.wp.com\/massenez.wine\/wp-content\/uploads\/2024\/12\/massenez-fine-wine-carlton-brut-prestige-blanc-de-blancs-sparkling-wine.png?resize=200%2C300&amp;ssl=1 200w\" sizes=\"auto, (max-width: 600px) 100vw, 600px\" \/><\/figure>\n<\/div>\n\n\n\n<div class=\"md:nfd-order-2 nfd-text-md wp-block-column is-vertically-aligned-center is-layout-flow wp-container-core-column-is-layout-8eebadab wp-block-column-is-layout-flow\" style=\"flex-basis:50%\">\n<div class=\"nfd-gap-lg wp-block-group is-vertical is-layout-flex wp-container-core-group-is-layout-fe9cc265 wp-block-group-is-layout-flex\">\n<h2 class=\"nfd-text-xl nfd-text-contrast nfd-text-balance wp-block-heading\">CARLTON Brut Prestige<\/h2>\n\n\n\n<div class=\"nfd-text-pretty wp-block-group is-vertical is-layout-flex wp-container-core-group-is-layout-fe9cc265 wp-block-group-is-layout-flex\">\n<p class=\"\">Baixar a ficha t\u00e9cnica do vinho (PDF):<\/p>\n\n\n\n<ul class=\"wp-block-list\">\n<li class=\"\"><a href=\"https:\/\/massenez.wine\/wp-content\/uploads\/2024\/12\/massenez-fine-wine-carlton-brut-prestige-technical-sheet.pdf\" data-type=\"attachment\" data-id=\"607\" target=\"_blank\" rel=\"noreferrer noopener\">CARLTON Brut Prestige<\/a><\/li>\n<\/ul>\n<\/div>\n<\/div>\n<\/div>\n<\/div>\n<\/div>\n\n\n\n<div class=\"is-style-nfd-theme-darker wp-block-group alignfull has-global-padding is-layout-constrained wp-block-group-is-layout-constrained\" style=\"margin-top:0;margin-bottom:0;padding-top:var(--wp--preset--spacing--60);padding-bottom:var(--wp--preset--spacing--60)\">\n<div class=\"wp-block-columns alignwide is-layout-flex wp-container-core-columns-is-layout-6ef9061c wp-block-columns-is-layout-flex\">\n<div class=\"wp-block-column is-layout-flow wp-block-column-is-layout-flow\" style=\"flex-basis:60%\">\n<div class=\"wp-block-group is-vertical is-layout-flex wp-container-core-group-is-layout-913d5755 wp-block-group-is-layout-flex\" style=\"padding-bottom:var(--wp--preset--spacing--30)\">\n<h2 class=\"wp-block-heading\">Aberto a Neg\u00f3cios<\/h2>\n\n\n\n<p class=\"has-medium-font-size\">Estamos abertos a oportunidades. Entre em contato:<\/p>\n\n\n\n<div class=\"wp-block-buttons is-layout-flex wp-block-buttons-is-layout-flex\">\n<div class=\"is-style-outline wp-block-button is-style-outline--1\"><a class=\"wp-block-button__link wp-element-button\" href=\"mailto:hello@massenez.wine\">HELLO@MASSENEZ.WINE<\/a><\/div>\n<\/div>\n<\/div>\n\n\n\n<div class=\"wp-block-group is-vertical is-layout-flex wp-container-core-group-is-layout-913d5755 wp-block-group-is-layout-flex\" style=\"padding-bottom:var(--wp--preset--spacing--30)\">\n<h2 class=\"wp-block-heading\">Distribui\u00e7\u00e3o Internacional<\/h2>\n\n\n\n<p class=\"has-medium-font-size\">O MASSENEZ FINE WINE est\u00e1 dispon\u00edvel nas Am\u00e9ricas, \u00c1sia e Europa por meio dos seguintes distribuidores internacionais:<\/p>\n<\/div>\n<\/div>\n\n\n\n<div class=\"wp-block-column is-layout-flow wp-block-column-is-layout-flow\" style=\"flex-basis:40%\">\n<div class=\"wp-block-columns is-layout-flex wp-container-core-columns-is-layout-28f84493 wp-block-columns-is-layout-flex\">\n<div class=\"wp-block-column is-layout-flow wp-container-core-column-is-layout-5dafc681 wp-block-column-is-layout-flow\">\n<div class=\"wp-block-group has-global-padding is-content-justification-left is-layout-constrained wp-container-core-group-is-layout-3540e7cd wp-block-group-is-layout-constrained\">\n<h3 class=\"wp-block-heading has-large-font-size\" style=\"font-style:normal;font-weight:500\">Cambodia<\/h3>\n\n\n\n<p class=\"has-medium-font-size\"><a href=\"#\">Wine Store<\/a><\/p>\n<\/div>\n\n\n\n<div class=\"wp-block-group has-global-padding is-content-justification-left is-layout-constrained wp-container-core-group-is-layout-0b710646 wp-block-group-is-layout-constrained\">\n<h3 class=\"wp-block-heading has-large-font-size\" style=\"font-style:normal;font-weight:500\">Chile<\/h3>\n\n\n\n<p class=\"has-medium-font-size\"><a href=\"#\" target=\"_blank\" rel=\"noreferrer noopener\">PrivateCollection.cl<\/a><\/p>\n<\/div>\n\n\n\n<div class=\"wp-block-group has-global-padding is-content-justification-left is-layout-constrained wp-container-core-group-is-layout-0b710646 wp-block-group-is-layout-constrained\">\n<h3 class=\"wp-block-heading has-large-font-size\" style=\"font-style:normal;font-weight:500\">China<\/h3>\n\n\n\n<p class=\"has-medium-font-size\"><a href=\"#\" target=\"_blank\" rel=\"noreferrer noopener\">Wine Store<\/a><\/p>\n<\/div>\n\n\n\n<div class=\"wp-block-group has-global-padding is-content-justification-left is-layout-constrained wp-container-core-group-is-layout-0b710646 wp-block-group-is-layout-constrained\">\n<h3 class=\"wp-block-heading has-large-font-size\" style=\"font-style:normal;font-weight:500\">France<\/h3>\n\n\n\n<p class=\"has-medium-font-size\"><a href=\"https:\/\/www.massenez.com\/nos-gammes\/\" target=\"_blank\" rel=\"noreferrer noopener\">Massenez.com<\/a><\/p>\n<\/div>\n\n\n\n<div class=\"wp-block-group has-global-padding is-content-justification-left is-layout-constrained wp-container-core-group-is-layout-0b710646 wp-block-group-is-layout-constrained\">\n<h3 class=\"wp-block-heading has-large-font-size\" style=\"font-style:normal;font-weight:500\">Japan<\/h3>\n\n\n\n<p class=\"has-medium-font-size\"><a href=\"https:\/\/www.massenezfinewine.jp\/\" target=\"_blank\" rel=\"noreferrer noopener\">MassenezFineWine.jp<\/a><\/p>\n<\/div>\n\n\n\n<div class=\"wp-block-group has-global-padding is-content-justification-left is-layout-constrained wp-container-core-group-is-layout-0b710646 wp-block-group-is-layout-constrained\">\n<h3 class=\"wp-block-heading has-large-font-size\" style=\"font-style:normal;font-weight:500\">Korea<\/h3>\n\n\n\n<p class=\"has-medium-font-size\"><a href=\"https:\/\/www.kaja.co.kr\/board\/F030300\/2\/34?page=1\" target=\"_blank\" rel=\"noreferrer noopener\">Kaja.co.kr<\/a><\/p>\n<\/div>\n<\/div>\n\n\n\n<div class=\"wp-block-column is-layout-flow wp-container-core-column-is-layout-5dafc681 wp-block-column-is-layout-flow\">\n<div class=\"wp-block-group has-global-padding is-content-justification-left is-layout-constrained wp-container-core-group-is-layout-3540e7cd wp-block-group-is-layout-constrained\">\n<h3 class=\"wp-block-heading has-large-font-size\" style=\"font-style:normal;font-weight:500\">Mexico<\/h3>\n\n\n\n<p class=\"has-medium-font-size\"><a href=\"#\">Wine Store<\/a><\/p>\n<\/div>\n\n\n\n<div class=\"wp-block-group has-global-padding is-content-justification-left is-layout-constrained wp-container-core-group-is-layout-0b710646 wp-block-group-is-layout-constrained\">\n<h3 class=\"wp-block-heading has-large-font-size\" style=\"font-style:normal;font-weight:500\">Peru<\/h3>\n\n\n\n<p class=\"has-medium-font-size\"><a href=\"#\">Wine Store<\/a><\/p>\n<\/div>\n\n\n\n<div class=\"wp-block-group has-global-padding is-content-justification-left is-layout-constrained wp-container-core-group-is-layout-0b710646 wp-block-group-is-layout-constrained\">\n<h3 class=\"wp-block-heading has-large-font-size\" style=\"font-style:normal;font-weight:500\">Thailand<\/h3>\n\n\n\n<p class=\"has-medium-font-size\"><a href=\"https:\/\/th.wine-now.asia\/blog\/massenez-family-boutique-wine.html\" target=\"_blank\" rel=\"noreferrer noopener\">Wine-Now.asia<\/a><\/p>\n<\/div>\n\n\n\n<div class=\"wp-block-group has-global-padding is-content-justification-left is-layout-constrained wp-container-core-group-is-layout-0b710646 wp-block-group-is-layout-constrained\">\n<h3 class=\"wp-block-heading has-large-font-size\" style=\"font-style:normal;font-weight:500\">United States<\/h3>\n\n\n\n<p class=\"has-medium-font-size\"><a href=\"#\">Wine Store<\/a><\/p>\n<\/div>\n\n\n\n<div class=\"wp-block-group has-global-padding is-content-justification-left is-layout-constrained wp-container-core-group-is-layout-0b710646 wp-block-group-is-layout-constrained\">\n<h3 class=\"wp-block-heading has-large-font-size\" style=\"font-style:normal;font-weight:500\">Vietnam<\/h3>\n\n\n\n<p class=\"has-medium-font-size\"><a href=\"https:\/\/warehouse-asia.com\/catalogsearch\/result\/index\/?q=massenez&amp;wine_brand=8612#\" target=\"_blank\" rel=\"noreferrer noopener\">Warehouse-Asia.com<\/a><\/p>\n<\/div>\n<\/div>\n<\/div>\n<\/div>\n<\/div>\n<\/div>","protected":false},"excerpt":{"rendered":"<p>CARLTON Our signature Brut Prestige, French M\u00e9thode Traditionnelle, Blanc de Blancs sparkling wine. CARLTON Brut Prestige Download the wine technical sheet (PDF):<\/p>","protected":false},"author":1,"featured_media":0,"parent":0,"menu_order":0,"comment_status":"closed","ping_status":"closed","template":"page-no-title","meta":{"nf_dc_page":"","footnotes":""},"class_list":["post-470","page","type-page","status-publish","hentry"],"jetpack_sharing_enabled":true,"_links":{"self":[{"href":"https:\/\/massenez.wine\/pt\/wp-json\/wp\/v2\/pages\/470","targetHints":{"allow":["GET"]}}],"collection":[{"href":"https:\/\/massenez.wine\/pt\/wp-json\/wp\/v2\/pages"}],"about":[{"href":"https:\/\/massenez.wine\/pt\/wp-json\/wp\/v2\/types\/page"}],"author":[{"embeddable":true,"href":"https:\/\/massenez.wine\/pt\/wp-json\/wp\/v2\/users\/1"}],"replies":[{"embeddable":true,"href":"https:\/\/massenez.wine\/pt\/wp-json\/wp\/v2\/comments?post=470"}],"version-history":[{"count":17,"href":"https:\/\/massenez.wine\/pt\/wp-json\/wp\/v2\/pages\/470\/revisions"}],"predecessor-version":[{"id":865,"href":"https:\/\/massenez.wine\/pt\/wp-json\/wp\/v2\/pages\/470\/revisions\/865"}],"wp:attachment":[{"href":"https:\/\/massenez.wine\/pt\/wp-json\/wp\/v2\/media?parent=470"}],"curies":[{"name":"wp","href":"https:\/\/api.w.org\/{rel}","templated":true}]}}