{"id":423,"date":"2024-11-26T12:34:55","date_gmt":"2024-11-26T12:34:55","guid":{"rendered":"https:\/\/massenez.wine\/?page_id=423"},"modified":"2026-04-25T19:18:22","modified_gmt":"2026-04-25T19:18:22","slug":"terroir","status":"publish","type":"page","link":"https:\/\/massenez.wine\/pt\/terroir\/","title":{"rendered":"Terroir"},"content":{"rendered":"<div class=\"is-style-nfd-theme-dark wp-block-group alignfull has-global-padding is-layout-constrained wp-container-core-group-is-layout-0c9c989a wp-block-group-is-layout-constrained\" style=\"min-height:0vh;margin-top:0;margin-bottom:0;padding-top:var(--wp--preset--spacing--70);padding-right:var(--wp--preset--spacing--40);padding-bottom:var(--wp--preset--spacing--70);padding-left:var(--wp--preset--spacing--40)\">\n<div class=\"wp-block-group has-global-padding is-layout-constrained wp-container-core-group-is-layout-346627ba wp-block-group-is-layout-constrained\">\n<h2 class=\"wp-block-heading has-text-align-center has-xx-large-font-size\" style=\"margin-right:0;margin-left:0;padding-right:0;padding-left:0\">Para\u00edso para a vinicultura<\/h2>\n\n\n\n<p class=\"has-text-align-center\">Beneficiando-se da influ\u00eancia do rio Cachapoal e da cordilheira dos Andes, o terroir oferece condi\u00e7\u00f5es ideais para a produ\u00e7\u00e3o de vinhos exquisitos.<\/p>\n<\/div>\n<\/div>\n\n\n\n<div class=\"nfd-container nfd-p-lg nfd-wb-features__features-7 wp-block-group has-global-padding is-layout-constrained wp-block-group-is-layout-constrained\">\n<div class=\"nfd-text-base nfd-gap-3xl wp-block-columns are-vertically-aligned-center is-layout-flex wp-container-core-columns-is-layout-28f84493 wp-block-columns-is-layout-flex\">\n<div class=\"wp-block-column is-vertically-aligned-center is-layout-flow wp-container-core-column-is-layout-8a368f38 wp-block-column-is-layout-flow\" style=\"flex-basis:50%\">\n<figure class=\"nfd-rounded wp-block-image size-full\"><img data-recalc-dims=\"1\" loading=\"lazy\" decoding=\"async\" width=\"500\" height=\"500\" src=\"https:\/\/i0.wp.com\/massenez.wine\/wp-content\/uploads\/2024\/11\/massenez-family-wine-estate-terroir-cachapoal-colchagua-chile.jpg?resize=500%2C500&#038;ssl=1\" alt=\"Map of Chile showing the Cachapoal and Colchagua Valleys, highlighting the terroir of the Massenez Family Wine Estate.\" class=\"wp-image-548\" style=\"aspect-ratio:1;object-fit:cover\" srcset=\"https:\/\/i0.wp.com\/massenez.wine\/wp-content\/uploads\/2024\/11\/massenez-family-wine-estate-terroir-cachapoal-colchagua-chile.jpg?w=500&amp;ssl=1 500w, https:\/\/i0.wp.com\/massenez.wine\/wp-content\/uploads\/2024\/11\/massenez-family-wine-estate-terroir-cachapoal-colchagua-chile.jpg?resize=300%2C300&amp;ssl=1 300w, https:\/\/i0.wp.com\/massenez.wine\/wp-content\/uploads\/2024\/11\/massenez-family-wine-estate-terroir-cachapoal-colchagua-chile.jpg?resize=150%2C150&amp;ssl=1 150w\" sizes=\"auto, (max-width: 500px) 100vw, 500px\" \/><\/figure>\n<\/div>\n\n\n\n<div class=\"md:nfd-order-2 nfd-text-md wp-block-column is-vertically-aligned-center is-layout-flow wp-container-core-column-is-layout-8eebadab wp-block-column-is-layout-flow\" style=\"flex-basis:50%\">\n<div class=\"nfd-gap-lg wp-block-group is-vertical is-layout-flex wp-container-core-group-is-layout-fe9cc265 wp-block-group-is-layout-flex\">\n<div class=\"wp-block-group is-nowrap is-layout-flex wp-container-core-group-is-layout-6c531013 wp-block-group-is-layout-flex\">\n<div class=\"nfd-shadow-xs nfd-rounded-full nfd-bg-subtle wp-block-group has-global-padding is-layout-constrained wp-container-core-group-is-layout-c4486197 wp-block-group-is-layout-constrained\" style=\"padding-top:6px;padding-right:16px;padding-bottom:6px;padding-left:16px\">\n<p class=\"nfd-text-xs\" style=\"font-style:normal;font-weight:600;text-transform:uppercase\">Localiza\u00e7\u00e3o<\/p>\n<\/div>\n<\/div>\n\n\n\n<h2 class=\"nfd-text-xl nfd-text-contrast nfd-text-balance wp-block-heading\"><strong>Cachapoal: vale f\u00e9rtil na l\u00edngua nativa.<\/strong><\/h2>\n\n\n\n<div class=\"nfd-text-pretty wp-block-group is-vertical is-layout-flex wp-container-core-group-is-layout-fe9cc265 wp-block-group-is-layout-flex\">\n<p class=\"\">O vale leva o nome do rio Cachapoal, que corre em seu cora\u00e7\u00e3o, trazendo \u00e1gua fresca e rica em minerais derretida das geleiras de alta altitude, fonte de irriga\u00e7\u00e3o para os vinhedos.<\/p>\n\n\n\n<p class=\"\">O que diferencia a regi\u00e3o \u00e9 a influ\u00eancia \u00fanica da cordilheira dos Andes (at\u00e9 6.962 m de altitude) e solos minerais com grandes pedras aluviais, semelhantes \u00e0s da margem esquerda de Bordeaux.<\/p>\n<\/div>\n<\/div>\n<\/div>\n<\/div>\n<\/div>\n\n\n\n<div class=\"nfd-container nfd-p-lg nfd-wb-features__features-7 wp-block-group has-global-padding is-layout-constrained wp-block-group-is-layout-constrained\">\n<div class=\"nfd-text-base nfd-gap-3xl wp-block-columns are-vertically-aligned-center is-layout-flex wp-container-core-columns-is-layout-28f84493 wp-block-columns-is-layout-flex\">\n<div class=\"md:nfd-order-2 nfd-text-md wp-block-column is-vertically-aligned-center is-layout-flow wp-container-core-column-is-layout-8eebadab wp-block-column-is-layout-flow\" style=\"flex-basis:50%\">\n<div class=\"nfd-gap-lg wp-block-group is-vertical is-layout-flex wp-container-core-group-is-layout-fe9cc265 wp-block-group-is-layout-flex\">\n<div class=\"wp-block-group is-nowrap is-layout-flex wp-container-core-group-is-layout-6c531013 wp-block-group-is-layout-flex\">\n<div class=\"nfd-shadow-xs nfd-rounded-full nfd-bg-subtle wp-block-group has-global-padding is-layout-constrained wp-container-core-group-is-layout-c4486197 wp-block-group-is-layout-constrained\" style=\"padding-top:6px;padding-right:16px;padding-bottom:6px;padding-left:16px\">\n<p class=\"nfd-text-xs\" style=\"font-style:normal;font-weight:600;text-transform:uppercase\">Clima<\/p>\n<\/div>\n<\/div>\n\n\n\n<h2 class=\"nfd-text-xl nfd-text-contrast nfd-text-balance wp-block-heading\"><strong><strong>Clima ideal: grande amplitude t\u00e9rmica di\u00e1ria.<\/strong><\/strong><\/h2>\n\n\n\n<div class=\"nfd-text-pretty wp-block-group is-vertical is-layout-flex wp-container-core-group-is-layout-fe9cc265 wp-block-group-is-layout-flex\">\n<p class=\"\">Os Andes desempenham um papel fundamental como reguladores de temperatura. Durante o ver\u00e3o, as temperaturas diurnas podem ultrapassar os 35\u00b0C, enquanto \u00e0 noite caem para 10\u00b0C ou menos. A varia\u00e7\u00e3o t\u00e9rmica ao longo das 24 horas pode superar 20\u00b0C.<\/p>\n\n\n\n<p class=\"\">Essa alta amplitude t\u00e9rmica di\u00e1ria \u00e9 de extrema import\u00e2ncia. Nas uvas, ela resulta em alto teor de a\u00e7\u00facar e excelente acidez natural: a exposi\u00e7\u00e3o ao sol durante o dia favorece a matura\u00e7\u00e3o e o desenvolvimento de aromas, enquanto a queda brusca de temperatura \u00e0 noite preserva o equil\u00edbrio dos \u00e1cidos naturais da fruta.<\/p>\n<\/div>\n<\/div>\n<\/div>\n\n\n\n<div class=\"wp-block-column is-vertically-aligned-center is-layout-flow wp-container-core-column-is-layout-8a368f38 wp-block-column-is-layout-flow\" style=\"flex-basis:50%\">\n<figure class=\"nfd-rounded wp-block-image size-full\"><img data-recalc-dims=\"1\" loading=\"lazy\" decoding=\"async\" width=\"500\" height=\"500\" src=\"https:\/\/i0.wp.com\/massenez.wine\/wp-content\/uploads\/2024\/11\/massenez-family-wine-estate-terroir-climate-chile.jpg?resize=500%2C500&#038;ssl=1\" alt=\"3D map showing the terroir and climate influences of the Andes, coastal, and central valley regions on Massenez Family Wine Estate in Chile.\" class=\"wp-image-557\" style=\"aspect-ratio:1;object-fit:cover\" srcset=\"https:\/\/i0.wp.com\/massenez.wine\/wp-content\/uploads\/2024\/11\/massenez-family-wine-estate-terroir-climate-chile.jpg?w=500&amp;ssl=1 500w, https:\/\/i0.wp.com\/massenez.wine\/wp-content\/uploads\/2024\/11\/massenez-family-wine-estate-terroir-climate-chile.jpg?resize=300%2C300&amp;ssl=1 300w, https:\/\/i0.wp.com\/massenez.wine\/wp-content\/uploads\/2024\/11\/massenez-family-wine-estate-terroir-climate-chile.jpg?resize=150%2C150&amp;ssl=1 150w\" sizes=\"auto, (max-width: 500px) 100vw, 500px\" \/><\/figure>\n<\/div>\n<\/div>\n<\/div>\n\n\n\n<div class=\"nfd-container nfd-p-lg nfd-wb-features__features-7 wp-block-group has-global-padding is-layout-constrained wp-block-group-is-layout-constrained\">\n<div class=\"nfd-text-base nfd-gap-3xl wp-block-columns are-vertically-aligned-center is-layout-flex wp-container-core-columns-is-layout-28f84493 wp-block-columns-is-layout-flex\">\n<div class=\"wp-block-column is-vertically-aligned-center is-layout-flow wp-container-core-column-is-layout-8a368f38 wp-block-column-is-layout-flow\" style=\"flex-basis:50%\">\n<figure class=\"nfd-rounded wp-block-image size-full\"><img data-recalc-dims=\"1\" loading=\"lazy\" decoding=\"async\" width=\"1920\" height=\"1280\" src=\"https:\/\/i0.wp.com\/massenez.wine\/wp-content\/uploads\/2024\/11\/massenez-family-wine-estate-vineyard-grapes.jpg?resize=1920%2C1280&#038;ssl=1\" alt=\"Ripe grapes on the vine at Massenez Family Wine Estate vineyard in Chile's Alto Cachapoal region.\" class=\"wp-image-502\" style=\"aspect-ratio:1;object-fit:cover\" srcset=\"https:\/\/i0.wp.com\/massenez.wine\/wp-content\/uploads\/2024\/11\/massenez-family-wine-estate-vineyard-grapes.jpg?w=1920&amp;ssl=1 1920w, https:\/\/i0.wp.com\/massenez.wine\/wp-content\/uploads\/2024\/11\/massenez-family-wine-estate-vineyard-grapes.jpg?resize=300%2C200&amp;ssl=1 300w, https:\/\/i0.wp.com\/massenez.wine\/wp-content\/uploads\/2024\/11\/massenez-family-wine-estate-vineyard-grapes.jpg?resize=1024%2C683&amp;ssl=1 1024w, https:\/\/i0.wp.com\/massenez.wine\/wp-content\/uploads\/2024\/11\/massenez-family-wine-estate-vineyard-grapes.jpg?resize=768%2C512&amp;ssl=1 768w, https:\/\/i0.wp.com\/massenez.wine\/wp-content\/uploads\/2024\/11\/massenez-family-wine-estate-vineyard-grapes.jpg?resize=1536%2C1024&amp;ssl=1 1536w\" sizes=\"auto, (max-width: 1000px) 100vw, 1000px\" \/><\/figure>\n<\/div>\n\n\n\n<div class=\"md:nfd-order-2 nfd-text-md wp-block-column is-vertically-aligned-center is-layout-flow wp-container-core-column-is-layout-8eebadab wp-block-column-is-layout-flow\" style=\"flex-basis:50%\">\n<div class=\"nfd-gap-lg wp-block-group is-vertical is-layout-flex wp-container-core-group-is-layout-fe9cc265 wp-block-group-is-layout-flex\">\n<div class=\"wp-block-group is-nowrap is-layout-flex wp-container-core-group-is-layout-6c531013 wp-block-group-is-layout-flex\">\n<div class=\"nfd-shadow-xs nfd-rounded-full nfd-bg-subtle wp-block-group has-global-padding is-layout-constrained wp-container-core-group-is-layout-c4486197 wp-block-group-is-layout-constrained\" style=\"padding-top:6px;padding-right:16px;padding-bottom:6px;padding-left:16px\">\n<p class=\"nfd-text-xs\" style=\"font-style:normal;font-weight:600;text-transform:uppercase\">VINHEDO<\/p>\n<\/div>\n<\/div>\n\n\n\n<h2 class=\"nfd-text-xl nfd-text-contrast nfd-text-balance wp-block-heading\"><strong><strong>O vinhedo: condi\u00e7\u00f5es ideais para vinhos exquisitos.<\/strong><\/strong><\/h2>\n\n\n\n<div class=\"nfd-text-pretty wp-block-group is-vertical is-layout-flex wp-container-core-group-is-layout-fe9cc265 wp-block-group-is-layout-flex\">\n<p class=\"\">O Chile \u00e9 livre de filoxera, o que permite que as videiras sejam n\u00e3o enxertadas, com ra\u00edzes originais do famoso estoque bordal\u00eas, produzindo uvas de qualidade excepcional.<\/p>\n\n\n\n<p class=\"\">As videiras antigas est\u00e3o plantadas em um antigo bra\u00e7o do rio Cachapoal.<\/p>\n\n\n\n<p class=\"\">O solo \u00e9 altamente mineral, de origem aluvial, com textura siltosa, camada superficial argilosa e arenosa em profundidade, al\u00e9m de alto teor de pedras. Essa composi\u00e7\u00e3o favorece a drenagem, a oxigena\u00e7\u00e3o e o desenvolvimento profundo das ra\u00edzes.<\/p>\n<\/div>\n<\/div>\n<\/div>\n<\/div>\n<\/div>\n\n\n\n<div class=\"is-style-nfd-theme-darker wp-block-group alignfull has-global-padding is-layout-constrained wp-block-group-is-layout-constrained\" style=\"margin-top:0;margin-bottom:0;padding-top:var(--wp--preset--spacing--60);padding-bottom:var(--wp--preset--spacing--60)\">\n<div class=\"wp-block-columns alignwide is-layout-flex wp-container-core-columns-is-layout-6ef9061c wp-block-columns-is-layout-flex\">\n<div class=\"wp-block-column is-layout-flow wp-block-column-is-layout-flow\" style=\"flex-basis:60%\">\n<div class=\"wp-block-group is-vertical is-layout-flex wp-container-core-group-is-layout-913d5755 wp-block-group-is-layout-flex\" style=\"padding-bottom:var(--wp--preset--spacing--30)\">\n<h2 class=\"wp-block-heading\">Aberto a Neg\u00f3cios<\/h2>\n\n\n\n<p class=\"has-medium-font-size\">Estamos abertos a oportunidades. Entre em contato:<\/p>\n\n\n\n<div class=\"wp-block-buttons is-layout-flex wp-block-buttons-is-layout-flex\">\n<div class=\"is-style-outline wp-block-button is-style-outline--1\"><a class=\"wp-block-button__link wp-element-button\" href=\"mailto:hello@massenez.wine\">HELLO@MASSENEZ.WINE<\/a><\/div>\n<\/div>\n<\/div>\n\n\n\n<div class=\"wp-block-group is-vertical is-layout-flex wp-container-core-group-is-layout-913d5755 wp-block-group-is-layout-flex\" style=\"padding-bottom:var(--wp--preset--spacing--30)\">\n<h2 class=\"wp-block-heading\">Distribui\u00e7\u00e3o Internacional<\/h2>\n\n\n\n<p class=\"has-medium-font-size\">O MASSENEZ FINE WINE est\u00e1 dispon\u00edvel nas Am\u00e9ricas, \u00c1sia e Europa por meio dos seguintes distribuidores internacionais:<\/p>\n<\/div>\n<\/div>\n\n\n\n<div class=\"wp-block-column is-layout-flow wp-block-column-is-layout-flow\" style=\"flex-basis:40%\">\n<div class=\"wp-block-columns is-layout-flex wp-container-core-columns-is-layout-28f84493 wp-block-columns-is-layout-flex\">\n<div class=\"wp-block-column is-layout-flow wp-container-core-column-is-layout-5dafc681 wp-block-column-is-layout-flow\">\n<div class=\"wp-block-group has-global-padding is-content-justification-left is-layout-constrained wp-container-core-group-is-layout-3540e7cd wp-block-group-is-layout-constrained\">\n<h3 class=\"wp-block-heading has-large-font-size\" style=\"font-style:normal;font-weight:500\">Cambodia<\/h3>\n\n\n\n<p class=\"has-medium-font-size\"><a href=\"#\">Wine Store<\/a><\/p>\n<\/div>\n\n\n\n<div class=\"wp-block-group has-global-padding is-content-justification-left is-layout-constrained wp-container-core-group-is-layout-0b710646 wp-block-group-is-layout-constrained\">\n<h3 class=\"wp-block-heading has-large-font-size\" style=\"font-style:normal;font-weight:500\">Chile<\/h3>\n\n\n\n<p class=\"has-medium-font-size\"><a href=\"#\" target=\"_blank\" rel=\"noreferrer noopener\">PrivateCollection.cl<\/a><\/p>\n<\/div>\n\n\n\n<div class=\"wp-block-group has-global-padding is-content-justification-left is-layout-constrained wp-container-core-group-is-layout-0b710646 wp-block-group-is-layout-constrained\">\n<h3 class=\"wp-block-heading has-large-font-size\" style=\"font-style:normal;font-weight:500\">China<\/h3>\n\n\n\n<p class=\"has-medium-font-size\"><a href=\"#\" target=\"_blank\" rel=\"noreferrer noopener\">Wine Store<\/a><\/p>\n<\/div>\n\n\n\n<div class=\"wp-block-group has-global-padding is-content-justification-left is-layout-constrained wp-container-core-group-is-layout-0b710646 wp-block-group-is-layout-constrained\">\n<h3 class=\"wp-block-heading has-large-font-size\" style=\"font-style:normal;font-weight:500\">France<\/h3>\n\n\n\n<p class=\"has-medium-font-size\"><a href=\"https:\/\/www.massenez.com\/nos-gammes\/\" target=\"_blank\" rel=\"noreferrer noopener\">Massenez.com<\/a><\/p>\n<\/div>\n\n\n\n<div class=\"wp-block-group has-global-padding is-content-justification-left is-layout-constrained wp-container-core-group-is-layout-0b710646 wp-block-group-is-layout-constrained\">\n<h3 class=\"wp-block-heading has-large-font-size\" style=\"font-style:normal;font-weight:500\">Japan<\/h3>\n\n\n\n<p class=\"has-medium-font-size\"><a href=\"https:\/\/www.massenezfinewine.jp\/\" target=\"_blank\" rel=\"noreferrer noopener\">MassenezFineWine.jp<\/a><\/p>\n<\/div>\n\n\n\n<div class=\"wp-block-group has-global-padding is-content-justification-left is-layout-constrained wp-container-core-group-is-layout-0b710646 wp-block-group-is-layout-constrained\">\n<h3 class=\"wp-block-heading has-large-font-size\" style=\"font-style:normal;font-weight:500\">Korea<\/h3>\n\n\n\n<p class=\"has-medium-font-size\"><a href=\"https:\/\/www.kaja.co.kr\/board\/F030300\/2\/34?page=1\" target=\"_blank\" rel=\"noreferrer noopener\">Kaja.co.kr<\/a><\/p>\n<\/div>\n<\/div>\n\n\n\n<div class=\"wp-block-column is-layout-flow wp-container-core-column-is-layout-5dafc681 wp-block-column-is-layout-flow\">\n<div class=\"wp-block-group has-global-padding is-content-justification-left is-layout-constrained wp-container-core-group-is-layout-3540e7cd wp-block-group-is-layout-constrained\">\n<h3 class=\"wp-block-heading has-large-font-size\" style=\"font-style:normal;font-weight:500\">Mexico<\/h3>\n\n\n\n<p class=\"has-medium-font-size\"><a href=\"#\">Wine Store<\/a><\/p>\n<\/div>\n\n\n\n<div class=\"wp-block-group has-global-padding is-content-justification-left is-layout-constrained wp-container-core-group-is-layout-0b710646 wp-block-group-is-layout-constrained\">\n<h3 class=\"wp-block-heading has-large-font-size\" style=\"font-style:normal;font-weight:500\">Peru<\/h3>\n\n\n\n<p class=\"has-medium-font-size\"><a href=\"#\">Wine Store<\/a><\/p>\n<\/div>\n\n\n\n<div class=\"wp-block-group has-global-padding is-content-justification-left is-layout-constrained wp-container-core-group-is-layout-0b710646 wp-block-group-is-layout-constrained\">\n<h3 class=\"wp-block-heading has-large-font-size\" style=\"font-style:normal;font-weight:500\">Thailand<\/h3>\n\n\n\n<p class=\"has-medium-font-size\"><a href=\"https:\/\/th.wine-now.asia\/blog\/massenez-family-boutique-wine.html\" target=\"_blank\" rel=\"noreferrer noopener\">Wine-Now.asia<\/a><\/p>\n<\/div>\n\n\n\n<div class=\"wp-block-group has-global-padding is-content-justification-left is-layout-constrained wp-container-core-group-is-layout-0b710646 wp-block-group-is-layout-constrained\">\n<h3 class=\"wp-block-heading has-large-font-size\" style=\"font-style:normal;font-weight:500\">United States<\/h3>\n\n\n\n<p class=\"has-medium-font-size\"><a href=\"#\">Wine Store<\/a><\/p>\n<\/div>\n\n\n\n<div class=\"wp-block-group has-global-padding is-content-justification-left is-layout-constrained wp-container-core-group-is-layout-0b710646 wp-block-group-is-layout-constrained\">\n<h3 class=\"wp-block-heading has-large-font-size\" style=\"font-style:normal;font-weight:500\">Vietnam<\/h3>\n\n\n\n<p class=\"has-medium-font-size\"><a href=\"https:\/\/warehouse-asia.com\/catalogsearch\/result\/index\/?q=massenez&amp;wine_brand=8612#\" target=\"_blank\" rel=\"noreferrer noopener\">Warehouse-Asia.com<\/a><\/p>\n<\/div>\n<\/div>\n<\/div>\n<\/div>\n<\/div>\n<\/div>","protected":false},"excerpt":{"rendered":"<p>Heaven on earth for winemaking Benefiting from the influence of the Cachapoal river and the Andes mountain range, the terroir presents optimal conditions for the production of exquisite wine. LOCATION Cachapoal:&nbsp;fertile valley in native language. The valley is named after the Cachapoal river which runs through its heart, bringing fresh, mineral-rich water melt down from [&hellip;]<\/p>\n","protected":false},"author":1,"featured_media":0,"parent":0,"menu_order":0,"comment_status":"closed","ping_status":"closed","template":"page-no-title","meta":{"nf_dc_page":"","footnotes":""},"class_list":["post-423","page","type-page","status-publish","hentry"],"jetpack_sharing_enabled":true,"_links":{"self":[{"href":"https:\/\/massenez.wine\/pt\/wp-json\/wp\/v2\/pages\/423","targetHints":{"allow":["GET"]}}],"collection":[{"href":"https:\/\/massenez.wine\/pt\/wp-json\/wp\/v2\/pages"}],"about":[{"href":"https:\/\/massenez.wine\/pt\/wp-json\/wp\/v2\/types\/page"}],"author":[{"embeddable":true,"href":"https:\/\/massenez.wine\/pt\/wp-json\/wp\/v2\/users\/1"}],"replies":[{"embeddable":true,"href":"https:\/\/massenez.wine\/pt\/wp-json\/wp\/v2\/comments?post=423"}],"version-history":[{"count":20,"href":"https:\/\/massenez.wine\/pt\/wp-json\/wp\/v2\/pages\/423\/revisions"}],"predecessor-version":[{"id":859,"href":"https:\/\/massenez.wine\/pt\/wp-json\/wp\/v2\/pages\/423\/revisions\/859"}],"wp:attachment":[{"href":"https:\/\/massenez.wine\/pt\/wp-json\/wp\/v2\/media?parent=423"}],"curies":[{"name":"wp","href":"https:\/\/api.w.org\/{rel}","templated":true}]}}