{"id":421,"date":"2024-11-26T12:32:02","date_gmt":"2024-11-26T12:32:02","guid":{"rendered":"https:\/\/massenez.wine\/?page_id=421"},"modified":"2026-04-25T19:58:04","modified_gmt":"2026-04-25T19:58:04","slug":"about-us","status":"publish","type":"page","link":"https:\/\/massenez.wine\/pt\/about-us\/","title":{"rendered":"Sobre N\u00f3s"},"content":{"rendered":"<div class=\"is-style-nfd-theme-darker wp-block-group alignfull has-global-padding is-layout-constrained wp-container-core-group-is-layout-0c9c989a wp-block-group-is-layout-constrained\" style=\"min-height:0vh;margin-top:0;margin-bottom:0;padding-top:var(--wp--preset--spacing--70);padding-right:var(--wp--preset--spacing--40);padding-bottom:var(--wp--preset--spacing--70);padding-left:var(--wp--preset--spacing--40)\">\n<div class=\"wp-block-group has-global-padding is-layout-constrained wp-container-core-group-is-layout-346627ba wp-block-group-is-layout-constrained\">\n<h2 class=\"wp-block-heading has-text-align-center has-xx-large-font-size\" style=\"margin-right:0;margin-left:0;padding-right:0;padding-left:0\">Sobre N\u00f3s<\/h2>\n\n\n\n<p class=\"has-text-align-center\">Da produ\u00e7\u00e3o de destilados finos na Als\u00e1cia, Fran\u00e7a, desde 1870, ao pioneirismo em vinhos finos do Novo Mundo desde o final dos anos 1980.<\/p>\n<\/div>\n<\/div>\n\n\n\n<div style=\"height:100px\" aria-hidden=\"true\" class=\"wp-block-spacer\"><\/div>\n\n\n\n<h2 class=\"wp-block-heading\">Um Legado de Vinhos e Destilados Finos Desde 1870<\/h2>\n\n\n\n<p class=\"\">A fam\u00edlia MASSENEZ dedica-se \u00e0 cria\u00e7\u00e3o de bebidas finas excepcionais h\u00e1 mais de 150 anos. O que come\u00e7ou em 1870 na Als\u00e1cia, Fran\u00e7a, como uma pequena opera\u00e7\u00e3o de destila\u00e7\u00e3o, tornou-se um nome internacionalmente reconhecido em esp\u00edritos finos e gastronomia. Com paix\u00e3o pela inova\u00e7\u00e3o, a fam\u00edlia MASSENEZ expandiu sua expertise para a vinicultura, sendo pioneira na produ\u00e7\u00e3o de vinhos finos no Chile no final dos anos 1980. Hoje, o MASSENEZ FINE WINE d\u00e1 continuidade a esse legado, unindo o Artesanato do Velho Mundo ao Terroir do Novo Mundo.<\/p>\n\n\n\n<div style=\"height:100px\" aria-hidden=\"true\" class=\"wp-block-spacer\"><\/div>\n\n\n\n<h2 class=\"wp-block-heading\">Uma Linha do Tempo de Excel\u00eancia<\/h2>\n\n\n\n<h3 class=\"wp-block-heading\"><strong>Origens na Als\u00e1cia, Fran\u00e7a: O Nascimento do MASSENEZ FINE SPIRITS<\/strong><\/h3>\n\n\n\n<ul class=\"wp-block-list\">\n<li class=\"\"><strong>1870<\/strong>&nbsp;\u2013 Jean-Baptiste Massenez funda uma pequena opera\u00e7\u00e3o de destila\u00e7\u00e3o em Urbeis, Als\u00e1cia, lan\u00e7ando as bases para gera\u00e7\u00f5es de expertise e excel\u00eancia.<\/li>\n<\/ul>\n\n\n\n<figure class=\"wp-block-image aligncenter size-large\"><img data-recalc-dims=\"1\" decoding=\"async\" src=\"https:\/\/i0.wp.com\/th.wine-now.asia\/pub\/media\/blog\/massenez-family-boutique-wine\/WN-massenez-family.jpg?ssl=1\" alt=\"\"\/><\/figure>\n\n\n\n<ul class=\"wp-block-list\">\n<li class=\"\"><strong>1913<\/strong>&nbsp;\u2013 Eug\u00e8ne Massenez cria a primeira Framboise Sauvage Eau de Vie (Destilado de Framboesa Selvagem), conquistando a admira\u00e7\u00e3o de Sua Majestade a Rainha da Su\u00e9cia, tornando-se fornecedor oficial de Sua Majestade o Rei da Su\u00e9cia e consolidando uma reputa\u00e7\u00e3o de excel\u00eancia inigual\u00e1vel.<\/li>\n<\/ul>\n\n\n\n<figure class=\"wp-block-image size-large\"><img decoding=\"async\" src=\"https:\/\/i0.wp.com\/nouvellesgastronomiques.com\/wp-content\/uploads\/2022\/07\/Gaby-et-sa-fille-Manou-Massenez-.jpg?w=769&amp;ssl=1\" alt=\"\"\/><\/figure>\n\n\n\n<ul class=\"wp-block-list\">\n<li class=\"\"><strong>1950<\/strong>\u00a0\u2013 Gabriel Eug\u00e8ne Massenez expande os neg\u00f3cios para a Alta Gastronomia, trabalhando com chefs renomados como\u00a0<a href=\"https:\/\/en.wikipedia.org\/wiki\/Paul_Bocuse\" target=\"_blank\" rel=\"noreferrer noopener\">Paul Bocuse<\/a>, Troisgros, e La Tour d\u2019Argent em Paris.<\/li>\n<\/ul>\n\n\n\n<figure class=\"wp-block-image aligncenter size-large\"><img data-recalc-dims=\"1\" decoding=\"async\" src=\"https:\/\/i0.wp.com\/www.massenez.com\/wp-content\/webp-express\/webp-images\/uploads\/2020\/06\/distillerie_1979-e1593175501360.jpg.webp?ssl=1\" alt=\"\"\/><\/figure>\n\n\n\n<ul class=\"wp-block-list\">\n<li class=\"\"><strong>1979<\/strong>\u00a0\u2013 Uma nova destilaria de \u00faltima gera\u00e7\u00e3o \u00e9 inaugurada na Als\u00e1cia por\u00a0<a href=\"https:\/\/en.wikipedia.org\/wiki\/Paul_Bocuse\" target=\"_blank\" rel=\"noreferrer noopener\">Paul Bocuse<\/a>, marcando a expans\u00e3o global da MASSENEZ.<\/li>\n<\/ul>\n\n\n\n<figure class=\"wp-block-image aligncenter size-large\"><img data-recalc-dims=\"1\" decoding=\"async\" src=\"https:\/\/i0.wp.com\/www.massenez.com\/wp-content\/webp-express\/webp-images\/uploads\/2020\/07\/Bocuse-Gaby-500x500.jpg.webp?ssl=1\" alt=\"\"\/><\/figure>\n\n\n\n<ul class=\"wp-block-list\">\n<li class=\"\"><strong>1982<\/strong>\u00a0\u2013 Manou Massenez expande a marca para mais de 110 pa\u00edses, introduzindo suas Eaux de Vie, Licores e Cremes aos melhores sommeliers e mixologistas do mundo.<\/li>\n<\/ul>\n\n\n\n<figure class=\"wp-block-image aligncenter size-large\"><img data-recalc-dims=\"1\" decoding=\"async\" src=\"https:\/\/i0.wp.com\/www.massenez.com\/wp-content\/uploads\/2020\/07\/Distillerie-Massenez.jpg?ssl=1\" alt=\"\"\/><\/figure>\n\n\n\n<ul class=\"wp-block-list\">\n<li class=\"\"><strong>2010<\/strong>\u00a0\u2013 A Destilaria MASSENEZ une for\u00e7as com as\u00a0<a href=\"https:\/\/www.distilleriespeureux.com\/\" target=\"_blank\" rel=\"noreferrer noopener\">Grandes Distilleries Peureux<\/a>. Essa alian\u00e7a estrat\u00e9gica refor\u00e7a o legado da destilaria, garantindo que sua rica heran\u00e7a e identidade essencial permane\u00e7am no cora\u00e7\u00e3o de seu crescimento.<\/li>\n<\/ul>\n\n\n\n<div style=\"height:100px\" aria-hidden=\"true\" class=\"wp-block-spacer\"><\/div>\n\n\n\n<h3 class=\"wp-block-heading\"><strong>Expans\u00e3o para a Vinicultura: MASSENEZ FINE WINE<\/strong><\/h3>\n\n\n\n<ul class=\"wp-block-list\">\n<li class=\"\"><strong>1989<\/strong>\u00a0\u2013 Dominique Massenez, com uma vis\u00e3o pioneira para a Viticultura do Novo Mundo, investe no Vale Alto Cachapoal, no Chile, trazendo a expertise francesa em vinifica\u00e7\u00e3o para a Am\u00e9rica do Sul.<\/li>\n<\/ul>\n\n\n\n<figure class=\"wp-block-image size-large\"><img data-recalc-dims=\"1\" decoding=\"async\" src=\"https:\/\/i0.wp.com\/www.datocms-assets.com\/33016\/1607707877-chile-country-landscape-vineyards-1.jpg?ssl=1\" alt=\"\"\/><\/figure>\n\n\n\n<ul class=\"wp-block-list\">\n<li class=\"\"><strong>1990s<\/strong>&nbsp;\u2013 A fam\u00edlia estabelece os vinhedos e funda o Chateau Los Boldos, o primeiro vinho de alto padr\u00e3o do Chile a ser exportado globalmente, tornando-se uma das vin\u00edcolas mais respeitadas do pa\u00eds.<\/li>\n<\/ul>\n\n\n\n<figure class=\"wp-block-image size-large\"><img decoding=\"async\" src=\"https:\/\/i0.wp.com\/www.matichon.co.th\/wp-content\/uploads\/2019\/12\/965230-683x1024.jpg?resize=683%2C1024&amp;ssl=1\" alt=\"\"\/><\/figure>\n\n\n\n<ul class=\"wp-block-list\">\n<li class=\"\"><strong>Dias Atuais<\/strong>\u00a0\u2013 Dando continuidade a esse legado, o MASSENEZ WINE ESTATE elabora uma cole\u00e7\u00e3o de vinhos finos que funde a Eleg\u00e2ncia do Velho Mundo com a Vibra\u00e7\u00e3o do Novo Mundo.<\/li>\n<\/ul>\n\n\n\n<figure class=\"wp-block-image size-large\"><img data-recalc-dims=\"1\" loading=\"lazy\" decoding=\"async\" width=\"1024\" height=\"659\" src=\"https:\/\/i0.wp.com\/massenez.wine\/wp-content\/uploads\/2024\/11\/massenez-family-wine-estate-team-dominique-serge-dubs-jean-winemaker-stephane-geneste.jpg?resize=1024%2C659&#038;ssl=1\" alt=\"The Massenez Family Wine Estate team, including Dominique Massenez, Serge Dubs Best Sommelier of the World, Jean Massenez and Master Winemaker Stephane Geneste, celebrating with fine wine in a vineyard setting.\" class=\"wp-image-528\" srcset=\"https:\/\/i0.wp.com\/massenez.wine\/wp-content\/uploads\/2024\/11\/massenez-family-wine-estate-team-dominique-serge-dubs-jean-winemaker-stephane-geneste.jpg?resize=1024%2C659&amp;ssl=1 1024w, https:\/\/i0.wp.com\/massenez.wine\/wp-content\/uploads\/2024\/11\/massenez-family-wine-estate-team-dominique-serge-dubs-jean-winemaker-stephane-geneste.jpg?resize=300%2C193&amp;ssl=1 300w, https:\/\/i0.wp.com\/massenez.wine\/wp-content\/uploads\/2024\/11\/massenez-family-wine-estate-team-dominique-serge-dubs-jean-winemaker-stephane-geneste.jpg?resize=768%2C494&amp;ssl=1 768w, https:\/\/i0.wp.com\/massenez.wine\/wp-content\/uploads\/2024\/11\/massenez-family-wine-estate-team-dominique-serge-dubs-jean-winemaker-stephane-geneste.jpg?resize=1536%2C989&amp;ssl=1 1536w, https:\/\/i0.wp.com\/massenez.wine\/wp-content\/uploads\/2024\/11\/massenez-family-wine-estate-team-dominique-serge-dubs-jean-winemaker-stephane-geneste.jpg?w=1920&amp;ssl=1 1920w\" sizes=\"auto, (max-width: 1000px) 100vw, 1000px\" \/><\/figure>\n\n\n\n<div style=\"height:100px\" aria-hidden=\"true\" class=\"wp-block-spacer\"><\/div>\n\n\n\n<h2 class=\"wp-block-heading\">Nossa Filosofia: Excel\u00eancia em Cada Garrafa<\/h2>\n\n\n\n<ul class=\"wp-block-list\">\n<li class=\"\"><strong>Respeito pelo Terroir e pela Natureza<\/strong>\u00a0\u2013 Aproveitamos o microclima \u00fanico do Vale Alto Cachapoal para produzir vinhos de profundidade e car\u00e1ter marcantes.<\/li>\n\n\n\n<li class=\"\"><strong>Heran\u00e7a Francesa<\/strong>\u00a0\u2013 Combinamos o Savoir-Faire franc\u00eas com o terroir \u00fanico do Chile, resultando em vinhos de eleg\u00e2ncia extraordin\u00e1ria.<\/li>\n\n\n\n<li class=\"\"><strong>Inova\u00e7\u00e3o Sustent\u00e1vel<\/strong>\u00a0\u2013 Priorizamos a vinifica\u00e7\u00e3o de baixa interven\u00e7\u00e3o, preservando a pureza e a autenticidade em cada garrafa.<\/li>\n<\/ul>\n\n\n\n<div style=\"height:100px\" aria-hidden=\"true\" class=\"wp-block-spacer\"><\/div>\n\n\n\n<h2 class=\"wp-block-heading\">Descubra Nossos Vinhos<\/h2>\n\n\n\n<p class=\"\">Cada garrafa \u00e9 um tributo \u00e0 dedica\u00e7\u00e3o da fam\u00edlia MASSENEZ \u00e0s bebidas finas, unindo a Expertise do Velho Mundo \u00e0 Inova\u00e7\u00e3o do Novo Mundo.<\/p>\n\n\n\n<div style=\"height:100px\" aria-hidden=\"true\" class=\"wp-block-spacer\"><\/div>\n\n\n\n<h2 class=\"wp-block-heading\">Um Destino para Vinho &amp; Gastronomia<\/h2>\n\n\n\n<p class=\"\">Al\u00e9m da produ\u00e7\u00e3o de vinhos, temos orgulho de operar o ENTRE RIOS, o primeiro centro gastron\u00f4mico da Rota do Vinho de Cachapoal, onde o vinho fino encontra a alta gastronomia.<br><strong>Visite-nos:<\/strong>\u00a0<a href=\"https:\/\/entrerios.cl\/\">entrerios.cl<\/a><\/p>\n\n\n\n<div style=\"height:100px\" aria-hidden=\"true\" class=\"wp-block-spacer\"><\/div>\n\n\n\n<h2 class=\"wp-block-heading\">Explore the Massenez Legacy<\/h2>\n\n\n\n<p class=\"\">Junte-se a n\u00f3s na celebra\u00e7\u00e3o de mais de 150 anos de excel\u00eancia artesanal, do cora\u00e7\u00e3o da Fran\u00e7a aos vinhedos do Chile. Viva o legado. Sinta a paix\u00e3o.<\/p>\n\n\n\n<p class=\"\"><strong>MASSENEZ WINE ESTATE:<\/strong>&nbsp;<a href=\"https:\/\/massenez.wine\/pt\/\">massenez.wine<\/a><br><strong>MASSENEZ DISTILLERY:<\/strong>&nbsp;<a href=\"https:\/\/massenez.com\/\">massenez.com<\/a><\/p>","protected":false},"excerpt":{"rendered":"<p>About Us From fine spirits in Alsace, France, since 1870 to pioneering fine wine from the New World since the late 1980s. A Legacy of Fine Wine &amp; Spirits Since 1870 The&nbsp;MASSENEZ family&nbsp;has been dedicated to crafting exceptional fine beverages for over&nbsp;150 years. What began in&nbsp;1870 in Alsace, France, as a small distillation operation became [&hellip;]<\/p>\n","protected":false},"author":1,"featured_media":0,"parent":0,"menu_order":0,"comment_status":"closed","ping_status":"closed","template":"page-no-title","meta":{"nf_dc_page":"","footnotes":""},"class_list":["post-421","page","type-page","status-publish","hentry"],"jetpack_sharing_enabled":true,"_links":{"self":[{"href":"https:\/\/massenez.wine\/pt\/wp-json\/wp\/v2\/pages\/421","targetHints":{"allow":["GET"]}}],"collection":[{"href":"https:\/\/massenez.wine\/pt\/wp-json\/wp\/v2\/pages"}],"about":[{"href":"https:\/\/massenez.wine\/pt\/wp-json\/wp\/v2\/types\/page"}],"author":[{"embeddable":true,"href":"https:\/\/massenez.wine\/pt\/wp-json\/wp\/v2\/users\/1"}],"replies":[{"embeddable":true,"href":"https:\/\/massenez.wine\/pt\/wp-json\/wp\/v2\/comments?post=421"}],"version-history":[{"count":19,"href":"https:\/\/massenez.wine\/pt\/wp-json\/wp\/v2\/pages\/421\/revisions"}],"predecessor-version":[{"id":863,"href":"https:\/\/massenez.wine\/pt\/wp-json\/wp\/v2\/pages\/421\/revisions\/863"}],"wp:attachment":[{"href":"https:\/\/massenez.wine\/pt\/wp-json\/wp\/v2\/media?parent=421"}],"curies":[{"name":"wp","href":"https:\/\/api.w.org\/{rel}","templated":true}]}}